{"id":3424,"date":"2023-04-03T17:15:23","date_gmt":"2023-04-03T15:15:23","guid":{"rendered":"https:\/\/villavallibona.com\/?page_id=3424"},"modified":"2023-05-19T18:17:03","modified_gmt":"2023-05-19T16:17:03","slug":"servizi","status":"publish","type":"page","link":"https:\/\/villavallibona.com\/index.php\/servizi\/","title":{"rendered":"Servizi"},"content":{"rendered":"\t\t<div data-elementor-type=\"wp-page\" data-elementor-id=\"3424\" class=\"elementor elementor-3424\">\n\t\t\t\t\t\t\t\t\t<section class=\"elementor-section elementor-top-section elementor-element elementor-element-54fcbe4 elementor-section-full_width elementor-section-stretched elementor-section-height-default elementor-section-height-default\" data-id=\"54fcbe4\" data-element_type=\"section\" data-settings=\"{&quot;stretch_section&quot;:&quot;section-stretched&quot;,&quot;background_background&quot;:&quot;classic&quot;}\">\n\t\t\t\t\t\t<div class=\"elementor-container elementor-column-gap-default\">\n\t\t\t\t\t<div class=\"elementor-column elementor-col-100 elementor-top-column elementor-element elementor-element-633cec0\" data-id=\"633cec0\" data-element_type=\"column\">\n\t\t\t<div class=\"elementor-widget-wrap elementor-element-populated\">\n\t\t\t\t\t\t\t\t<section class=\"elementor-section elementor-inner-section elementor-element elementor-element-c00c469 elementor-section-boxed elementor-section-height-default elementor-section-height-default\" data-id=\"c00c469\" data-element_type=\"section\">\n\t\t\t\t\t\t<div class=\"elementor-container elementor-column-gap-default\">\n\t\t\t\t\t<div class=\"elementor-column elementor-col-100 elementor-inner-column elementor-element elementor-element-a6fb6ed\" data-id=\"a6fb6ed\" data-element_type=\"column\">\n\t\t\t<div class=\"elementor-widget-wrap elementor-element-populated\">\n\t\t\t\t\t\t\t\t<div class=\"elementor-element elementor-element-2adc308 elementor-widget elementor-widget-romancy_elementor_ova_image_box_2\" data-id=\"2adc308\" data-element_type=\"widget\" data-widget_type=\"romancy_elementor_ova_image_box_2.default\">\n\t\t\t\t<div class=\"elementor-widget-container\">\n\t\t\t\n\t\t<div class=\"ova-image-box-2\">\n\n\t\t\t<div class=\"ova-image-2\">\n\t\t\t\t\n\t\t\t\t\t<img decoding=\"async\" src=\"https:\/\/villavallibona.com\/wp-content\/uploads\/2023\/04\/body-care-young-girl-having-massage-relaxing-in-2022-12-16-09-02-22-utc-scaled.jpg\" class=\"ova-image\" alt=\"Massaggi\">\n\t\t\t\t\n\t\t\t\t\t\t\t<\/div>\n\n\t\t\t<div class=\"ova-title\">\n\t\t\t\t\t\t\t\t\t<h3 class=\"sub-title\">I NOSTRI SERVIZI<\/h3>\n\t\t\t\t\n\t\t\t\t\t\t\t\t\t\n\t\t\t\t\t\t\t\t<h2 class=\"title\">\n\n\t\t\t\t\t\t\t\t\tMassaggi\t\t\t\t\t\t\t\t \n\n\t\t\t\t\t\t\t\t<\/h2>\n\t\t\t\t\t\t\t\t\t\n\t\t\t\t\t\t\t\t\t<p class=\"description\"> La Villa Vallibona offre ai suoi ospiti un servizio di massaggi su richiesta, per un&#039;esperienza di relax totale durante il soggiorno in Toscana. I massaggi sono eseguiti da professionisti altamente qualificati, che utilizzeranno tecniche manuali per sciogliere le tensioni muscolari e ridurre lo stress. Potrai scegliere tra una vasta gamma di massaggi, tra cui massaggi rilassanti, sportivi, antistress e molto altro ancora. Il servizio di massaggi su richiesta \u00e8 disponibile direttamente nella tua camera o nella zona relax della villa, per garantire la massima comodit\u00e0 e riservatezza. Grazie al servizio di massaggi, potrai concederti un momento di pura felicit\u00e0 e benessere durante il tuo soggiorno a Castiglion Fiorentino. <\/p>\n\t\t\t\t\n\t\t\t\t\t\n\t\t\t<\/div>\n\t\t<\/div>\n\t\t\n\t\t\t\t<\/div>\n\t\t\t\t<\/div>\n\t\t\t\t<div class=\"elementor-element elementor-element-d9da72b elementor-widget elementor-widget-romancy_elementor_ova_image_box_2\" data-id=\"d9da72b\" data-element_type=\"widget\" data-widget_type=\"romancy_elementor_ova_image_box_2.default\">\n\t\t\t\t<div class=\"elementor-widget-container\">\n\t\t\t\n\t\t<div class=\"ova-image-box-2\">\n\n\t\t\t<div class=\"ova-image-2\">\n\t\t\t\t\n\t\t\t\t\t<img decoding=\"async\" src=\"https:\/\/villavallibona.com\/wp-content\/uploads\/2023\/05\/IMG_20230417_141616_500.webp\" class=\"ova-image\" alt=\"Vasca Idromassaggio\">\n\t\t\t\t\n\t\t\t\t\t\t\t<\/div>\n\n\t\t\t<div class=\"ova-title\">\n\t\t\t\t\t\t\t\t\t<h3 class=\"sub-title\">I NOSTRI SERVIZI<\/h3>\n\t\t\t\t\n\t\t\t\t\t\t\t\t\t\n\t\t\t\t\t\t\t\t<h2 class=\"title\">\n\n\t\t\t\t\t\t\t\t\tVasca Idromassaggio\t\t\t\t\t\t\t\t \n\n\t\t\t\t\t\t\t\t<\/h2>\n\t\t\t\t\t\t\t\t\t\n\t\t\t\t\t\t\t\t\t<p class=\"description\"> La Villa Vallibona offre ai suoi ospiti l&#039;opportunit\u00e0 di rilassarsi in una vasca idromassaggio che affaccia sulla citt\u00e0 di Castiglion Fiorentino. L&#039;idromassaggio si trova sulla terrazza panoramica della villa, da cui si pu\u00f2 godere di una vista mozzafiato sulla citt\u00e0 e sulle colline circostanti. Immersi nell&#039;acqua calda della vasca idromassaggio, potrai rilassare i muscoli e sciogliere le tensioni, godendoti allo stesso tempo la bellezza del paesaggio toscano. La vasca idromassaggio \u00e8 disponibile tutto l&#039;anno, per permetterti di goderti questa esperienza unica in qualsiasi stagione. Non c&#039;\u00e8 niente di meglio che concedersi un momento di relax nella vasca idromassaggio della Villa Vallibona, ammirando la bellezza di Castiglion Fiorentino e dell&#039;intera Toscana. <\/p>\n\t\t\t\t\n\t\t\t\t\t\n\t\t\t<\/div>\n\t\t<\/div>\n\t\t\n\t\t\t\t<\/div>\n\t\t\t\t<\/div>\n\t\t\t\t<div class=\"elementor-element elementor-element-78d5497 elementor-widget elementor-widget-romancy_elementor_ova_image_box_2\" data-id=\"78d5497\" data-element_type=\"widget\" data-widget_type=\"romancy_elementor_ova_image_box_2.default\">\n\t\t\t\t<div class=\"elementor-widget-container\">\n\t\t\t\n\t\t<div class=\"ova-image-box-2\">\n\n\t\t\t<div class=\"ova-image-2\">\n\t\t\t\t\n\t\t\t\t\t<img decoding=\"async\" src=\"https:\/\/villavallibona.com\/wp-content\/uploads\/2023\/04\/villa-vallibona-castiglion-fiorentino-depandance-12.jpg\" class=\"ova-image\" alt=\"Viewpoint\">\n\t\t\t\t\n\t\t\t\t\t\t\t<\/div>\n\n\t\t\t<div class=\"ova-title\">\n\t\t\t\t\t\t\t\t\t<h3 class=\"sub-title\">I NOSTRI SERVIZI<\/h3>\n\t\t\t\t\n\t\t\t\t\t\t\t\t\t\n\t\t\t\t\t\t\t\t<h2 class=\"title\">\n\n\t\t\t\t\t\t\t\t\tViewpoint\t\t\t\t\t\t\t\t \n\n\t\t\t\t\t\t\t\t<\/h2>\n\t\t\t\t\t\t\t\t\t\n\t\t\t\t\t\t\t\t\t<p class=\"description\"> \nLa Villa Vallibona offre ai suoi ospiti una vista mozzafiato sulla citt\u00e0 medievale di Castiglion Fiorentino, che si trova a pochi chilometri di distanza dalla villa. Situata in campagna, la Villa Vallibona \u00e8 il luogo ideale per godere della bellezza naturale della Toscana e allo stesso tempo per ammirare l&#039;architettura e la storia di questa splendida citt\u00e0 toscana. La vista panoramica dalla villa ti permetter\u00e0 di ammirare le mura medievali di Castiglion Fiorentino, le torri e i campanili delle chiese storiche, e i tetti di terracotta delle case antiche, il tutto immersi in un paesaggio naturale di colline verdi e campi di girasoli. La vista sulla citt\u00e0 di Castiglion Fiorentino \u00e8 uno dei tesori della Villa Vallibona, e sicuramente una delle esperienze pi\u00f9 indimenticabili che potrai vivere durante il tuo soggiorno in Toscana. <\/p>\n\t\t\t\t\n\t\t\t\t\t\n\t\t\t<\/div>\n\t\t<\/div>\n\t\t\n\t\t\t\t<\/div>\n\t\t\t\t<\/div>\n\t\t\t\t<div class=\"elementor-element elementor-element-a4e47ba elementor-widget elementor-widget-romancy_elementor_ova_image_box_2\" data-id=\"a4e47ba\" data-element_type=\"widget\" data-widget_type=\"romancy_elementor_ova_image_box_2.default\">\n\t\t\t\t<div class=\"elementor-widget-container\">\n\t\t\t\n\t\t<div class=\"ova-image-box-2\">\n\n\t\t\t<div class=\"ova-image-2\">\n\t\t\t\t\n\t\t\t\t\t<img decoding=\"async\" src=\"https:\/\/villavallibona.com\/wp-content\/uploads\/2023\/04\/villa-vallibona-castiglion-fiorentino-depandance-15.jpg\" class=\"ova-image\" alt=\"Piscina\">\n\t\t\t\t\n\t\t\t\t\t\t\t<\/div>\n\n\t\t\t<div class=\"ova-title\">\n\t\t\t\t\t\t\t\t\t<h3 class=\"sub-title\">I NOSTRI SERVIZI<\/h3>\n\t\t\t\t\n\t\t\t\t\t\t\t\t\t\n\t\t\t\t\t\t\t\t<h2 class=\"title\">\n\n\t\t\t\t\t\t\t\t\tPiscina\t\t\t\t\t\t\t\t \n\n\t\t\t\t\t\t\t\t<\/h2>\n\t\t\t\t\t\t\t\t\t\n\t\t\t\t\t\t\t\t\t<p class=\"description\"> La Villa Vallibona dispone di una splendida piscina all&#039;aperto, circondata da un grande giardino all&#039;italiana e da un paesaggio naturale mozzafiato. La piscina \u00e8 il luogo perfetto per rinfrescarsi nelle calde giornate estive, prendere il sole e godersi la vista sulla campagna toscana. La piscina della Villa Vallibona \u00e8 dotata di comodi lettini e ombrelloni, per permetterti di rilassarti in totale comfort e riservatezza. Grazie alla sua posizione privilegiata, la piscina offre una vista panoramica sulla citt\u00e0 di Castiglion Fiorentino e sulle colline circostanti, rendendo il tuo soggiorno nella villa ancora pi\u00f9 indimenticabile. La piscina \u00e8 aperta da maggio a settembre, per permetterti di goderti al massimo il tuo soggiorno estivo in Toscana. <\/p>\n\t\t\t\t\n\t\t\t\t\t\n\t\t\t<\/div>\n\t\t<\/div>\n\t\t\n\t\t\t\t<\/div>\n\t\t\t\t<\/div>\n\t\t\t\t<div class=\"elementor-element elementor-element-fd76724 elementor-widget elementor-widget-romancy_elementor_ova_image_box_2\" data-id=\"fd76724\" data-element_type=\"widget\" data-widget_type=\"romancy_elementor_ova_image_box_2.default\">\n\t\t\t\t<div class=\"elementor-widget-container\">\n\t\t\t\n\t\t<div class=\"ova-image-box-2\">\n\n\t\t\t<div class=\"ova-image-2\">\n\t\t\t\t\n\t\t\t\t\t<img decoding=\"async\" src=\"https:\/\/villavallibona.com\/wp-content\/uploads\/2023\/05\/villa-vallibona-castiglion-fiorentino-depandance-3-1.jpg\" class=\"ova-image\" alt=\"Servizio Unghie\">\n\t\t\t\t\n\t\t\t\t\t\t\t<\/div>\n\n\t\t\t<div class=\"ova-title\">\n\t\t\t\t\t\t\t\t\t<h3 class=\"sub-title\">I NOSTRI SERVIZI<\/h3>\n\t\t\t\t\n\t\t\t\t\t\t\t\t\t\n\t\t\t\t\t\t\t\t<h2 class=\"title\">\n\n\t\t\t\t\t\t\t\t\tServizio Unghie\t\t\t\t\t\t\t\t \n\n\t\t\t\t\t\t\t\t<\/h2>\n\t\t\t\t\t\t\t\t\t\n\t\t\t\t\t\t\t\t\t<p class=\"description\"> Il nostro lussuoso servizio di cura delle unghie \u00e8 l&#039;ideale per chi cerca un&#039;esperienza di bellezza e relax. Con una vasta gamma di trattamenti per mani e piedi, il nostro team di esperti ti far\u00e0 sentire come una regina. Immersi nell&#039;atmosfera rilassante della nostra villa toscana, ti godrai un&#039;esperienza di cura delle unghie di prim&#039;ordine.  <\/p>\n\t\t\t\t\n\t\t\t\t\t\n\t\t\t<\/div>\n\t\t<\/div>\n\t\t\n\t\t\t\t<\/div>\n\t\t\t\t<\/div>\n\t\t\t\t<div class=\"elementor-element elementor-element-1962d9c elementor-widget elementor-widget-romancy_elementor_ova_image_box_2\" data-id=\"1962d9c\" data-element_type=\"widget\" data-widget_type=\"romancy_elementor_ova_image_box_2.default\">\n\t\t\t\t<div class=\"elementor-widget-container\">\n\t\t\t\n\t\t<div class=\"ova-image-box-2\">\n\n\t\t\t<div class=\"ova-image-2\">\n\t\t\t\t\n\t\t\t\t\t<img decoding=\"async\" src=\"https:\/\/villavallibona.com\/wp-content\/uploads\/2023\/05\/ebike-villa-vallibona.jpg\" class=\"ova-image\" alt=\"Noleggio E-bike\">\n\t\t\t\t\n\t\t\t\t\t\t\t<\/div>\n\n\t\t\t<div class=\"ova-title\">\n\t\t\t\t\t\t\t\t\t<h3 class=\"sub-title\">I NOSTRI SERVIZI<\/h3>\n\t\t\t\t\n\t\t\t\t\t\t\t\t\t\n\t\t\t\t\t\t\t\t<h2 class=\"title\">\n\n\t\t\t\t\t\t\t\t\tNoleggio E-bike\t\t\t\t\t\t\t\t \n\n\t\t\t\t\t\t\t\t<\/h2>\n\t\t\t\t\t\t\t\t\t\n\t\t\t\t\t\t\t\t\t<p class=\"description\"> Con le nostre biciclette a pedalata assistita, potrete esplorare la bellezza naturale della Toscana con facilit\u00e0 e comfort. Le nostre e-bike sono di alta qualit\u00e0 e disponibili in diverse taglie per adattarsi alle vostre esigenze. Godetevi un&#039;esperienza unica a contatto con la natura e scoprite i tesori nascosti della campagna toscana con il nostro servizio di noleggio e-bike. Contattateci per maggiori informazioni e prenotazioni. <\/p>\n\t\t\t\t\n\t\t\t\t\t\n\t\t\t<\/div>\n\t\t<\/div>\n\t\t\n\t\t\t\t<\/div>\n\t\t\t\t<\/div>\n\t\t\t\t\t<\/div>\n\t\t<\/div>\n\t\t\t\t\t\t\t<\/div>\n\t\t<\/section>\n\t\t\t\t\t<\/div>\n\t\t<\/div>\n\t\t\t\t\t\t\t<\/div>\n\t\t<\/section>\n\t\t\t\t\t\t\t<\/div>\n\t\t","protected":false},"excerpt":{"rendered":"<p>I NOSTRI SERVIZI Massaggi La Villa Vallibona offre ai suoi ospiti un servizio di massaggi su richiesta, per un&#039;esperienza di relax totale durante il soggiorno in Toscana. I massaggi sono eseguiti da professionisti altamente qualificati, che utilizzeranno tecniche manuali per sciogliere le tensioni muscolari e ridurre lo stress. Potrai scegliere tra una vasta gamma di [&hellip;]<\/p>\n","protected":false},"author":1,"featured_media":0,"parent":0,"menu_order":0,"comment_status":"closed","ping_status":"closed","template":"","meta":[],"_links":{"self":[{"href":"https:\/\/villavallibona.com\/index.php\/wp-json\/wp\/v2\/pages\/3424"}],"collection":[{"href":"https:\/\/villavallibona.com\/index.php\/wp-json\/wp\/v2\/pages"}],"about":[{"href":"https:\/\/villavallibona.com\/index.php\/wp-json\/wp\/v2\/types\/page"}],"author":[{"embeddable":true,"href":"https:\/\/villavallibona.com\/index.php\/wp-json\/wp\/v2\/users\/1"}],"replies":[{"embeddable":true,"href":"https:\/\/villavallibona.com\/index.php\/wp-json\/wp\/v2\/comments?post=3424"}],"version-history":[{"count":28,"href":"https:\/\/villavallibona.com\/index.php\/wp-json\/wp\/v2\/pages\/3424\/revisions"}],"predecessor-version":[{"id":3932,"href":"https:\/\/villavallibona.com\/index.php\/wp-json\/wp\/v2\/pages\/3424\/revisions\/3932"}],"wp:attachment":[{"href":"https:\/\/villavallibona.com\/index.php\/wp-json\/wp\/v2\/media?parent=3424"}],"curies":[{"name":"wp","href":"https:\/\/api.w.org\/{rel}","templated":true}]}}